{"id":181,"date":"2025-01-21T17:24:35","date_gmt":"2025-01-21T16:24:35","guid":{"rendered":"https:\/\/cbf.cgt.fr\/?page_id=181"},"modified":"2025-10-20T11:02:28","modified_gmt":"2025-10-20T09:02:28","slug":"activites-culturelles","status":"publish","type":"page","link":"https:\/\/cbf.cgt.fr\/index.php\/activites-culturelles\/","title":{"rendered":"Activit\u00e9s culturelles"},"content":{"rendered":"<nav class=\"has-large-font-size items-justified-center alignwide av wp-block-navigation is-horizontal is-content-justification-center is-layout-flex wp-container-core-navigation-is-layout-a85bcc9b wp-block-navigation-is-layout-flex\" aria-label=\"Activit\u00e9s culturelles\"><ul class=\"wp-block-navigation__container has-large-font-size items-justified-center alignwide av wp-block-navigation has-large-font-size\"><li class=\"has-large-font-size wp-block-navigation-item wp-block-navigation-link wp-container-content-9cfa9a5a\"><a class=\"wp-block-navigation-item__content\"  href=\"https:\/\/cbf.cgt.fr\/index.php\/category\/culturel\/cafelit\/\"><span class=\"wp-block-navigation-item__label\"><img decoding=\"async\" width=\"1024\" height=\"724\" class=\"wp-image-1050\" style=\"width: 200px\" src=\"https:\/\/cbf.cgt.fr\/wp-content\/uploads\/2025\/05\/Affichage-Cafe-Culturel1.png\" alt=\"\" srcset=\"https:\/\/cbf.cgt.fr\/wp-content\/uploads\/2025\/05\/Affichage-Cafe-Culturel1.png 1024w, https:\/\/cbf.cgt.fr\/wp-content\/uploads\/2025\/05\/Affichage-Cafe-Culturel1-300x212.png 300w, https:\/\/cbf.cgt.fr\/wp-content\/uploads\/2025\/05\/Affichage-Cafe-Culturel1-768x543.png 768w, https:\/\/cbf.cgt.fr\/wp-content\/uploads\/2025\/05\/Affichage-Cafe-Culturel1-1536x1086.png 1536w\" sizes=\"(max-width: 1024px) 100vw, 1024px\" \/>Caf\u00e9 Culturel<\/span><span class=\"wp-block-navigation-item__description\">Tous les jeudis, les camarades en formation au centre se retrouvent autour d\u2019un caf\u00e9 ou d\u2019un th\u00e9 pour \u00e9changer, partager ensemble autour d\u2019un th\u00e8me. Addict aux livres ou bien lecteur de vacances, tout le monde est le bienvenue ! Retrouvez ici, les coups de coeur et suggestions qui ont \u00e9t\u00e9 partag\u00e9s chaque semaine.<\/span><\/a><\/li><li class=\"has-large-font-size wp-block-navigation-item wp-block-navigation-link\"><a class=\"wp-block-navigation-item__content\"  href=\"https:\/\/cbf.cgt.fr\/index.php\/category\/culturel\/cine\/\"><span class=\"wp-block-navigation-item__label\"><img decoding=\"async\" width=\"450\" height=\"191\" class=\"wp-image-634\" style=\"width: 200px\" src=\"https:\/\/cbf.cgt.fr\/wp-content\/uploads\/2025\/03\/5sB4-1.webp\" alt=\"\">Cin\u00e9ma<\/span><\/a><\/li><li class=\"has-large-font-size wp-block-navigation-item wp-block-navigation-link\"><a class=\"wp-block-navigation-item__content\"  href=\"https:\/\/cbf.cgt.fr\/index.php\/category\/culturel\/spectacles-vivants\/\"><span class=\"wp-block-navigation-item__label\"><img decoding=\"async\" width=\"1024\" height=\"683\" class=\"wp-image-199\" style=\"width: 200px\" src=\"https:\/\/cbf.cgt.fr\/wp-content\/uploads\/2025\/01\/IMG_3950-scaled.jpg\" alt=\"\" srcset=\"https:\/\/cbf.cgt.fr\/wp-content\/uploads\/2025\/01\/IMG_3950-scaled.jpg 1024w, https:\/\/cbf.cgt.fr\/wp-content\/uploads\/2025\/01\/IMG_3950-300x200.jpg 300w, https:\/\/cbf.cgt.fr\/wp-content\/uploads\/2025\/01\/IMG_3950-768x512.jpg 768w, https:\/\/cbf.cgt.fr\/wp-content\/uploads\/2025\/01\/IMG_3950-1536x1024.jpg 1536w, https:\/\/cbf.cgt.fr\/wp-content\/uploads\/2025\/01\/IMG_3950-2048x1365.jpg 2048w, https:\/\/cbf.cgt.fr\/wp-content\/uploads\/2025\/01\/IMG_3950-930x620.jpg 930w\" sizes=\"(max-width: 1024px) 100vw, 1024px\" \/>Spectacles<br>Vivants<\/span><\/a><\/li><li class=\"has-large-font-size wp-block-navigation-item wp-block-navigation-link\"><a class=\"wp-block-navigation-item__content\"  href=\"https:\/\/cbf.cgt.fr\/index.php\/category\/culturel\/expositions\/\"><span class=\"wp-block-navigation-item__label\"><img decoding=\"async\" width=\"1024\" height=\"768\" class=\"wp-image-116\" style=\"width: 200px\" src=\"https:\/\/cbf.cgt.fr\/wp-content\/uploads\/2024\/06\/DSC02092-scaled.jpg\" alt=\"\" srcset=\"https:\/\/cbf.cgt.fr\/wp-content\/uploads\/2024\/06\/DSC02092-scaled.jpg 1024w, https:\/\/cbf.cgt.fr\/wp-content\/uploads\/2024\/06\/DSC02092-300x225.jpg 300w, https:\/\/cbf.cgt.fr\/wp-content\/uploads\/2024\/06\/DSC02092-768x576.jpg 768w, https:\/\/cbf.cgt.fr\/wp-content\/uploads\/2024\/06\/DSC02092-1536x1152.jpg 1536w, https:\/\/cbf.cgt.fr\/wp-content\/uploads\/2024\/06\/DSC02092-2048x1536.jpg 2048w\" sizes=\"(max-width: 1024px) 100vw, 1024px\" \/>Expositions<\/span><\/a><\/li><li class=\"has-large-font-size wp-block-navigation-item wp-block-navigation-link\"><a class=\"wp-block-navigation-item__content\"  href=\"https:\/\/cbf.cgt.fr\/index.php\/category\/culturel\/evenements-hebdomadaires\/\"><span class=\"wp-block-navigation-item__label\"><img decoding=\"async\" width=\"64\" height=\"64\" class=\"wp-image-208\" style=\"width: 200px\" src=\"https:\/\/cbf.cgt.fr\/wp-content\/uploads\/2025\/01\/9967664_discussion_bubble-speech_group_meeting_talk_icon.png\" alt=\"\">\u00c9v\u00e8nements<\/span><\/a><\/li><li class=\"has-large-font-size wp-block-navigation-item wp-block-navigation-link\"><a class=\"wp-block-navigation-item__content\"  href=\"https:\/\/cbf.cgt.fr\/index.php\/category\/culturel\/mensuel-culture\/\"><span class=\"wp-block-navigation-item__label\"><img decoding=\"async\" width=\"1089\" height=\"745\" class=\"wp-image-1143\" style=\"width: 200px\" src=\"https:\/\/cbf.cgt.fr\/wp-content\/uploads\/2025\/05\/6.-film-Juin-2025.png\" alt=\"\" srcset=\"https:\/\/cbf.cgt.fr\/wp-content\/uploads\/2025\/05\/6.-film-Juin-2025.png 1089w, https:\/\/cbf.cgt.fr\/wp-content\/uploads\/2025\/05\/6.-film-Juin-2025-300x205.png 300w, https:\/\/cbf.cgt.fr\/wp-content\/uploads\/2025\/05\/6.-film-Juin-2025-1024x701.png 1024w, https:\/\/cbf.cgt.fr\/wp-content\/uploads\/2025\/05\/6.-film-Juin-2025-768x525.png 768w\" sizes=\"(max-width: 1089px) 100vw, 1089px\" \/>Mensuel culture<\/span><\/a><\/li><li class=\"has-large-font-size wp-block-navigation-item wp-block-navigation-link\"><a class=\"wp-block-navigation-item__content\"  href=\"https:\/\/cbf.cgt.fr\/index.php\/category\/culturel\/debat\/\"><span class=\"wp-block-navigation-item__label\"><img decoding=\"async\" width=\"517\" height=\"468\" class=\"wp-image-1499\" style=\"width: 200px\" src=\"https:\/\/cbf.cgt.fr\/wp-content\/uploads\/2025\/10\/2243-e1760951564430.webp\" alt=\"\" srcset=\"https:\/\/cbf.cgt.fr\/wp-content\/uploads\/2025\/10\/2243-e1760951564430.webp 517w, https:\/\/cbf.cgt.fr\/wp-content\/uploads\/2025\/10\/2243-e1760951564430-300x272.webp 300w\" sizes=\"(max-width: 517px) 100vw, 517px\" \/>D\u00e9bats\/Rencontres<\/span><\/a><\/li><\/ul><\/nav>\n\n\n<div style=\"height:37px\" aria-hidden=\"true\" class=\"wp-block-spacer\"><\/div>\n\n\n\n<h2 class=\"wp-block-heading\"><\/h2>\n","protected":false},"excerpt":{"rendered":"","protected":false},"author":1,"featured_media":634,"parent":0,"menu_order":0,"comment_status":"closed","ping_status":"closed","template":"","meta":{"neve_meta_sidebar":"","neve_meta_container":"contained","neve_meta_enable_content_width":"on","neve_meta_content_width":50,"neve_meta_title_alignment":"center","neve_meta_author_avatar":"","neve_post_elements_order":"","neve_meta_disable_header":"","neve_meta_disable_footer":"","neve_meta_disable_title":"","footnotes":""},"class_list":["post-181","page","type-page","status-publish","has-post-thumbnail","hentry"],"yoast_head":"<!-- This site is optimized with the Yoast SEO plugin v26.8 - https:\/\/yoast.com\/product\/yoast-seo-wordpress\/ -->\n<title>Activit\u00e9s culturelles - Centre Beno\u00eet Frachon<\/title>\n<meta name=\"robots\" content=\"index, follow, max-snippet:-1, max-image-preview:large, max-video-preview:-1\" \/>\n<link rel=\"canonical\" href=\"https:\/\/cbf.cgt.fr\/index.php\/activites-culturelles\/\" \/>\n<meta property=\"og:locale\" content=\"fr_FR\" \/>\n<meta property=\"og:type\" content=\"article\" \/>\n<meta property=\"og:title\" content=\"Activit\u00e9s culturelles - Centre Beno\u00eet Frachon\" \/>\n<meta property=\"og:url\" content=\"https:\/\/cbf.cgt.fr\/index.php\/activites-culturelles\/\" \/>\n<meta property=\"og:site_name\" content=\"Centre Beno\u00eet Frachon\" \/>\n<meta property=\"article:publisher\" content=\"https:\/\/www.facebook.com\/CBFformationsyndicalecgt\" \/>\n<meta property=\"article:modified_time\" content=\"2025-10-20T09:02:28+00:00\" \/>\n<meta property=\"og:image\" content=\"https:\/\/cbf.cgt.fr\/wp-content\/uploads\/2025\/03\/5sB4-1.webp\" \/>\n\t<meta property=\"og:image:width\" content=\"450\" \/>\n\t<meta property=\"og:image:height\" content=\"191\" \/>\n\t<meta property=\"og:image:type\" content=\"image\/webp\" \/>\n<meta name=\"twitter:card\" content=\"summary_large_image\" \/>\n<meta name=\"twitter:label1\" content=\"Dur\u00e9e de lecture estim\u00e9e\" \/>\n\t<meta name=\"twitter:data1\" content=\"1 minute\" \/>\n<script type=\"application\/ld+json\" class=\"yoast-schema-graph\">{\"@context\":\"https:\/\/schema.org\",\"@graph\":[{\"@type\":\"WebPage\",\"@id\":\"https:\/\/cbf.cgt.fr\/index.php\/activites-culturelles\/\",\"url\":\"https:\/\/cbf.cgt.fr\/index.php\/activites-culturelles\/\",\"name\":\"Activit\u00e9s culturelles - Centre Beno\u00eet Frachon\",\"isPartOf\":{\"@id\":\"https:\/\/cbf.cgt.fr\/#website\"},\"primaryImageOfPage\":{\"@id\":\"https:\/\/cbf.cgt.fr\/index.php\/activites-culturelles\/#primaryimage\"},\"image\":{\"@id\":\"https:\/\/cbf.cgt.fr\/index.php\/activites-culturelles\/#primaryimage\"},\"thumbnailUrl\":\"https:\/\/cbf.cgt.fr\/wp-content\/uploads\/2025\/03\/5sB4-1.webp\",\"datePublished\":\"2025-01-21T16:24:35+00:00\",\"dateModified\":\"2025-10-20T09:02:28+00:00\",\"breadcrumb\":{\"@id\":\"https:\/\/cbf.cgt.fr\/index.php\/activites-culturelles\/#breadcrumb\"},\"inLanguage\":\"fr-FR\",\"potentialAction\":[{\"@type\":\"ReadAction\",\"target\":[\"https:\/\/cbf.cgt.fr\/index.php\/activites-culturelles\/\"]}]},{\"@type\":\"ImageObject\",\"inLanguage\":\"fr-FR\",\"@id\":\"https:\/\/cbf.cgt.fr\/index.php\/activites-culturelles\/#primaryimage\",\"url\":\"https:\/\/cbf.cgt.fr\/wp-content\/uploads\/2025\/03\/5sB4-1.webp\",\"contentUrl\":\"https:\/\/cbf.cgt.fr\/wp-content\/uploads\/2025\/03\/5sB4-1.webp\",\"width\":450,\"height\":191},{\"@type\":\"BreadcrumbList\",\"@id\":\"https:\/\/cbf.cgt.fr\/index.php\/activites-culturelles\/#breadcrumb\",\"itemListElement\":[{\"@type\":\"ListItem\",\"position\":1,\"name\":\"Accueil\",\"item\":\"https:\/\/cbf.cgt.fr\/\"},{\"@type\":\"ListItem\",\"position\":2,\"name\":\"Activit\u00e9s culturelles\"}]},{\"@type\":\"WebSite\",\"@id\":\"https:\/\/cbf.cgt.fr\/#website\",\"url\":\"https:\/\/cbf.cgt.fr\/\",\"name\":\"Centre Beno\u00eet Frachon\",\"description\":\"\",\"publisher\":{\"@id\":\"https:\/\/cbf.cgt.fr\/#organization\"},\"potentialAction\":[{\"@type\":\"SearchAction\",\"target\":{\"@type\":\"EntryPoint\",\"urlTemplate\":\"https:\/\/cbf.cgt.fr\/?s={search_term_string}\"},\"query-input\":{\"@type\":\"PropertyValueSpecification\",\"valueRequired\":true,\"valueName\":\"search_term_string\"}}],\"inLanguage\":\"fr-FR\"},{\"@type\":\"Organization\",\"@id\":\"https:\/\/cbf.cgt.fr\/#organization\",\"name\":\"Centre Beno\u00eet Frachon\",\"url\":\"https:\/\/cbf.cgt.fr\/\",\"logo\":{\"@type\":\"ImageObject\",\"inLanguage\":\"fr-FR\",\"@id\":\"https:\/\/cbf.cgt.fr\/#\/schema\/logo\/image\/\",\"url\":\"https:\/\/cbf.cgt.fr\/wp-content\/uploads\/2023\/01\/logo-centre.png\",\"contentUrl\":\"https:\/\/cbf.cgt.fr\/wp-content\/uploads\/2023\/01\/logo-centre.png\",\"width\":747,\"height\":429,\"caption\":\"Centre Beno\u00eet Frachon\"},\"image\":{\"@id\":\"https:\/\/cbf.cgt.fr\/#\/schema\/logo\/image\/\"},\"sameAs\":[\"https:\/\/www.facebook.com\/CBFformationsyndicalecgt\",\"https:\/\/www.instagram.com\/centrebenoitfrachoncgt\"]}]}<\/script>\n<!-- \/ Yoast SEO plugin. -->","yoast_head_json":{"title":"Activit\u00e9s culturelles - Centre Beno\u00eet Frachon","robots":{"index":"index","follow":"follow","max-snippet":"max-snippet:-1","max-image-preview":"max-image-preview:large","max-video-preview":"max-video-preview:-1"},"canonical":"https:\/\/cbf.cgt.fr\/index.php\/activites-culturelles\/","og_locale":"fr_FR","og_type":"article","og_title":"Activit\u00e9s culturelles - Centre Beno\u00eet Frachon","og_url":"https:\/\/cbf.cgt.fr\/index.php\/activites-culturelles\/","og_site_name":"Centre Beno\u00eet Frachon","article_publisher":"https:\/\/www.facebook.com\/CBFformationsyndicalecgt","article_modified_time":"2025-10-20T09:02:28+00:00","og_image":[{"width":450,"height":191,"url":"https:\/\/cbf.cgt.fr\/wp-content\/uploads\/2025\/03\/5sB4-1.webp","type":"image\/webp"}],"twitter_card":"summary_large_image","twitter_misc":{"Dur\u00e9e de lecture estim\u00e9e":"1 minute"},"schema":{"@context":"https:\/\/schema.org","@graph":[{"@type":"WebPage","@id":"https:\/\/cbf.cgt.fr\/index.php\/activites-culturelles\/","url":"https:\/\/cbf.cgt.fr\/index.php\/activites-culturelles\/","name":"Activit\u00e9s culturelles - Centre Beno\u00eet Frachon","isPartOf":{"@id":"https:\/\/cbf.cgt.fr\/#website"},"primaryImageOfPage":{"@id":"https:\/\/cbf.cgt.fr\/index.php\/activites-culturelles\/#primaryimage"},"image":{"@id":"https:\/\/cbf.cgt.fr\/index.php\/activites-culturelles\/#primaryimage"},"thumbnailUrl":"https:\/\/cbf.cgt.fr\/wp-content\/uploads\/2025\/03\/5sB4-1.webp","datePublished":"2025-01-21T16:24:35+00:00","dateModified":"2025-10-20T09:02:28+00:00","breadcrumb":{"@id":"https:\/\/cbf.cgt.fr\/index.php\/activites-culturelles\/#breadcrumb"},"inLanguage":"fr-FR","potentialAction":[{"@type":"ReadAction","target":["https:\/\/cbf.cgt.fr\/index.php\/activites-culturelles\/"]}]},{"@type":"ImageObject","inLanguage":"fr-FR","@id":"https:\/\/cbf.cgt.fr\/index.php\/activites-culturelles\/#primaryimage","url":"https:\/\/cbf.cgt.fr\/wp-content\/uploads\/2025\/03\/5sB4-1.webp","contentUrl":"https:\/\/cbf.cgt.fr\/wp-content\/uploads\/2025\/03\/5sB4-1.webp","width":450,"height":191},{"@type":"BreadcrumbList","@id":"https:\/\/cbf.cgt.fr\/index.php\/activites-culturelles\/#breadcrumb","itemListElement":[{"@type":"ListItem","position":1,"name":"Accueil","item":"https:\/\/cbf.cgt.fr\/"},{"@type":"ListItem","position":2,"name":"Activit\u00e9s culturelles"}]},{"@type":"WebSite","@id":"https:\/\/cbf.cgt.fr\/#website","url":"https:\/\/cbf.cgt.fr\/","name":"Centre Beno\u00eet Frachon","description":"","publisher":{"@id":"https:\/\/cbf.cgt.fr\/#organization"},"potentialAction":[{"@type":"SearchAction","target":{"@type":"EntryPoint","urlTemplate":"https:\/\/cbf.cgt.fr\/?s={search_term_string}"},"query-input":{"@type":"PropertyValueSpecification","valueRequired":true,"valueName":"search_term_string"}}],"inLanguage":"fr-FR"},{"@type":"Organization","@id":"https:\/\/cbf.cgt.fr\/#organization","name":"Centre Beno\u00eet Frachon","url":"https:\/\/cbf.cgt.fr\/","logo":{"@type":"ImageObject","inLanguage":"fr-FR","@id":"https:\/\/cbf.cgt.fr\/#\/schema\/logo\/image\/","url":"https:\/\/cbf.cgt.fr\/wp-content\/uploads\/2023\/01\/logo-centre.png","contentUrl":"https:\/\/cbf.cgt.fr\/wp-content\/uploads\/2023\/01\/logo-centre.png","width":747,"height":429,"caption":"Centre Beno\u00eet Frachon"},"image":{"@id":"https:\/\/cbf.cgt.fr\/#\/schema\/logo\/image\/"},"sameAs":["https:\/\/www.facebook.com\/CBFformationsyndicalecgt","https:\/\/www.instagram.com\/centrebenoitfrachoncgt"]}]}},"jetpack_sharing_enabled":true,"_links":{"self":[{"href":"https:\/\/cbf.cgt.fr\/index.php\/wp-json\/wp\/v2\/pages\/181","targetHints":{"allow":["GET"]}}],"collection":[{"href":"https:\/\/cbf.cgt.fr\/index.php\/wp-json\/wp\/v2\/pages"}],"about":[{"href":"https:\/\/cbf.cgt.fr\/index.php\/wp-json\/wp\/v2\/types\/page"}],"author":[{"embeddable":true,"href":"https:\/\/cbf.cgt.fr\/index.php\/wp-json\/wp\/v2\/users\/1"}],"replies":[{"embeddable":true,"href":"https:\/\/cbf.cgt.fr\/index.php\/wp-json\/wp\/v2\/comments?post=181"}],"version-history":[{"count":34,"href":"https:\/\/cbf.cgt.fr\/index.php\/wp-json\/wp\/v2\/pages\/181\/revisions"}],"predecessor-version":[{"id":963,"href":"https:\/\/cbf.cgt.fr\/index.php\/wp-json\/wp\/v2\/pages\/181\/revisions\/963"}],"wp:featuredmedia":[{"embeddable":true,"href":"https:\/\/cbf.cgt.fr\/index.php\/wp-json\/wp\/v2\/media\/634"}],"wp:attachment":[{"href":"https:\/\/cbf.cgt.fr\/index.php\/wp-json\/wp\/v2\/media?parent=181"}],"curies":[{"name":"wp","href":"https:\/\/api.w.org\/{rel}","templated":true}]}}