{"id":8,"date":"2023-01-24T14:41:12","date_gmt":"2023-01-24T13:41:12","guid":{"rendered":"https:\/\/cbf.cgt.fr\/?page_id=8"},"modified":"2025-11-19T15:35:51","modified_gmt":"2025-11-19T14:35:51","slug":"accueil","status":"publish","type":"page","link":"https:\/\/cbf.cgt.fr\/","title":{"rendered":"Accueil"},"content":{"rendered":"\n<h2 class=\"wp-block-heading has-text-align-right has-text-color has-link-color wp-elements-718c2e0d3f823b18340c2a2702b0be6f\" style=\"color:#f20000\">Centre conf\u00e9d\u00e9ral de la formation syndicale <\/h2>\n\n\n\n<div class=\"wp-block-cover alignfull has-parallax has-small-font-size\" style=\"min-height:700px;aspect-ratio:unset;\"><div class=\"wp-block-cover__image-background wp-image-480 has-parallax\" style=\"background-position:50% 50%;background-image:url(https:\/\/cbf.cgt.fr\/wp-content\/uploads\/2025\/03\/IMG_6079-1.jpg)\"><\/div><span aria-hidden=\"true\" class=\"wp-block-cover__background has-nv-light-bg-background-color has-background-dim-10 has-background-dim\"><\/span><div class=\"wp-block-cover__inner-container is-layout-flow wp-block-cover-is-layout-flow\">\n<div style=\"height:80px\" aria-hidden=\"true\" class=\"wp-block-spacer\"><\/div>\n\n\n\n<div style=\"height:80px\" aria-hidden=\"true\" class=\"wp-block-spacer\"><\/div>\n\n\n\n<div class=\"wp-block-buttons is-content-justification-center is-layout-flex wp-container-core-buttons-is-layout-16018d1d wp-block-buttons-is-layout-flex\" style=\"text-transform:none\">\n<div class=\"wp-block-button is-style-primary\"><a class=\"wp-block-button__link has-nv-text-dark-bg-color has-text-color has-background has-link-color wp-element-button\" href=\"https:\/\/cbf.cgt.fr\/index.php\/category\/preparer-sa-venue\/\" style=\"background-color:#f20000\">Pr\u00e9parer sa venue<\/a><\/div>\n\n\n\n<div class=\"wp-block-button is-style-secondary\"><a class=\"wp-block-button__link has-nv-text-dark-bg-background-color has-text-color has-background has-link-color has-border-color has-nv-text-dark-bg-border-color wp-element-button\" href=\"https:\/\/cbf.cgt.fr\/index.php\/category\/decouvrir-le-centre\/\" style=\"color:#f20000\" target=\"_blank\" rel=\"noreferrer noopener\">D\u00e9couvrir le centre<\/a><\/div>\n<\/div>\n\n\n\n<p><\/p>\n\n\n\n<h2 class=\"wp-block-heading alignwide has-text-align-right\" id=\"we-re-a-studio-in-berlin-with-an-international-practice-in-architecture-urban-planning-and-interior-design-we-believe-in-sharing-knowledge-and-promoting-dialogue-to-increase-the-creative-potential-of-collaboration\" style=\"font-size:29px;font-style:italic;font-weight:300;line-height:1.1\">\u00ab&nbsp;Quiconque n\u00e9glige sa formation th\u00e9orique se voue in\u00e9luctablement \u00e0 la stagnation et plus au recul&nbsp;\u00bb<\/h2>\n\n\n\n<p class=\"has-text-align-right has-nv-text-dark-bg-color has-text-color has-link-color has-medium-font-size wp-elements-714783e75af246748d83913cbbb9b10e\">Benoit FRACHON Secr\u00e9taire g\u00e9n\u00e9ral de la CGT de 1945 \u00e0 1967<\/p>\n<\/div><\/div>\n\n\n\n<div style=\"height:80px\" aria-hidden=\"true\" class=\"wp-block-spacer\"><\/div>\n\n\n\n<div class=\"wp-block-columns is-layout-flex wp-container-core-columns-is-layout-9d6595d7 wp-block-columns-is-layout-flex\">\n<div class=\"wp-block-column is-layout-flow wp-block-column-is-layout-flow\"><div class=\"wp-block-image icon-style is-style-default\">\n<figure class=\"aligncenter size-full is-resized\"><img decoding=\"async\" width=\"360\" height=\"360\" src=\"https:\/\/cbf.cgt.fr\/wp-content\/uploads\/2025\/05\/360_F_86186626_G3EuaicVB1yJFF6gTAtrGCJ0Yt6jQpCX-1.jpg\" alt=\"\" class=\"wp-image-1002\" style=\"width:152px;height:auto\" srcset=\"https:\/\/cbf.cgt.fr\/wp-content\/uploads\/2025\/05\/360_F_86186626_G3EuaicVB1yJFF6gTAtrGCJ0Yt6jQpCX-1.jpg 360w, https:\/\/cbf.cgt.fr\/wp-content\/uploads\/2025\/05\/360_F_86186626_G3EuaicVB1yJFF6gTAtrGCJ0Yt6jQpCX-1-300x300.jpg 300w, https:\/\/cbf.cgt.fr\/wp-content\/uploads\/2025\/05\/360_F_86186626_G3EuaicVB1yJFF6gTAtrGCJ0Yt6jQpCX-1-150x150.jpg 150w\" sizes=\"(max-width: 360px) 100vw, 360px\" \/><\/figure>\n<\/div>\n\n\n<h3 class=\"wp-block-heading has-text-align-center has-neve-text-color-color has-text-color\"><a data-type=\"category\" data-id=\"16\" href=\"https:\/\/cbf.cgt.fr\/index.php\/category\/preparer-sa-venue\/infos-pratiques\/\">Informations pratiques<\/a><\/h3>\n\n\n\n<p class=\"has-text-align-center\"><\/p>\n\n\n\n<div style=\"height:20px\" aria-hidden=\"true\" class=\"wp-block-spacer\"><\/div>\n<\/div>\n\n\n\n<div class=\"wp-block-column is-layout-flow wp-block-column-is-layout-flow\"><div class=\"wp-block-image icon-style is-style-default\">\n<figure class=\"aligncenter size-full is-resized\"><img decoding=\"async\" width=\"720\" height=\"509\" src=\"https:\/\/cbf.cgt.fr\/wp-content\/uploads\/2025\/04\/13239233_citroen-2cv-duck-red.jpg\" alt=\"\" class=\"wp-image-931\" style=\"aspect-ratio:4\/3;object-fit:cover;width:200px\" srcset=\"https:\/\/cbf.cgt.fr\/wp-content\/uploads\/2025\/04\/13239233_citroen-2cv-duck-red.jpg 720w, https:\/\/cbf.cgt.fr\/wp-content\/uploads\/2025\/04\/13239233_citroen-2cv-duck-red-300x212.jpg 300w\" sizes=\"(max-width: 720px) 100vw, 720px\" \/><\/figure>\n<\/div>\n\n\n<h3 class=\"wp-block-heading has-text-align-center has-text-color\" style=\"color:#f20000\"><a data-type=\"post\" data-id=\"56\" href=\"https:\/\/cbf.cgt.fr\/index.php\/2023\/02\/06\/venir-en-voiture\/\">Par la route<\/a><\/h3>\n\n\n\n<div style=\"height:20px\" aria-hidden=\"true\" class=\"wp-block-spacer\"><\/div>\n<\/div>\n\n\n\n<div class=\"wp-block-column is-layout-flow wp-block-column-is-layout-flow\"><div class=\"wp-block-image icon-style is-style-default\">\n<figure class=\"aligncenter size-full is-resized\"><img decoding=\"async\" width=\"1024\" height=\"771\" src=\"https:\/\/cbf.cgt.fr\/wp-content\/uploads\/2023\/02\/240874853-modern-train-on-the-city-background-vector-illustration-in-cartoon-style.jpg\" alt=\"\" class=\"wp-image-992\" style=\"width:208px;height:auto\" srcset=\"https:\/\/cbf.cgt.fr\/wp-content\/uploads\/2023\/02\/240874853-modern-train-on-the-city-background-vector-illustration-in-cartoon-style.jpg 1024w, https:\/\/cbf.cgt.fr\/wp-content\/uploads\/2023\/02\/240874853-modern-train-on-the-city-background-vector-illustration-in-cartoon-style-300x226.jpg 300w, https:\/\/cbf.cgt.fr\/wp-content\/uploads\/2023\/02\/240874853-modern-train-on-the-city-background-vector-illustration-in-cartoon-style-768x578.jpg 768w\" sizes=\"(max-width: 1024px) 100vw, 1024px\" \/><\/figure>\n<\/div>\n\n\n<h3 class=\"wp-block-heading has-text-align-center has-neve-text-color-color has-text-color\"><a data-type=\"post\" data-id=\"58\" href=\"https:\/\/cbf.cgt.fr\/index.php\/2023\/02\/06\/venir-en-transports-en-commun\/\">Transports en commun<\/a><\/h3>\n\n\n\n<p class=\"has-text-align-center\"><\/p>\n\n\n\n<div style=\"height:20px\" aria-hidden=\"true\" class=\"wp-block-spacer\"><\/div>\n<\/div>\n<\/div>\n\n\n\n<div class=\"wp-block-cover alignfull\" style=\"min-height:600px;aspect-ratio:unset;\"><span aria-hidden=\"true\" class=\"wp-block-cover__background has-nv-light-bg-background-color has-background-dim-100 has-background-dim\"><\/span><div class=\"wp-block-cover__inner-container is-layout-flow wp-block-cover-is-layout-flow\">\n<div class=\"wp-block-group\"><div class=\"wp-block-group__inner-container is-layout-flow wp-block-group-is-layout-flow\">\n<div style=\"height:80px\" aria-hidden=\"true\" class=\"wp-block-spacer\"><\/div>\n\n\n\n<div class=\"wp-block-columns are-vertically-aligned-center is-layout-flex wp-container-core-columns-is-layout-9d6595d7 wp-block-columns-is-layout-flex\">\n<div class=\"wp-block-column is-vertically-aligned-center is-layout-flow wp-block-column-is-layout-flow\" style=\"flex-basis:50%\">\n<figure class=\"wp-block-image size-full\"><img decoding=\"async\" width=\"1024\" height=\"683\" src=\"https:\/\/cbf.cgt.fr\/wp-content\/uploads\/2025\/01\/IMG_3950-scaled.jpg\" alt=\"\" class=\"wp-image-199\" srcset=\"https:\/\/cbf.cgt.fr\/wp-content\/uploads\/2025\/01\/IMG_3950-scaled.jpg 1024w, https:\/\/cbf.cgt.fr\/wp-content\/uploads\/2025\/01\/IMG_3950-300x200.jpg 300w, https:\/\/cbf.cgt.fr\/wp-content\/uploads\/2025\/01\/IMG_3950-768x512.jpg 768w, https:\/\/cbf.cgt.fr\/wp-content\/uploads\/2025\/01\/IMG_3950-1536x1024.jpg 1536w, https:\/\/cbf.cgt.fr\/wp-content\/uploads\/2025\/01\/IMG_3950-2048x1365.jpg 2048w, https:\/\/cbf.cgt.fr\/wp-content\/uploads\/2025\/01\/IMG_3950-930x620.jpg 930w\" sizes=\"(max-width: 1024px) 100vw, 1024px\" \/><\/figure>\n<\/div>\n\n\n\n<div class=\"wp-block-column is-vertically-aligned-center is-layout-flow wp-block-column-is-layout-flow\" style=\"flex-basis:50%\">\n<div style=\"height:20px\" aria-hidden=\"true\" class=\"wp-block-spacer\"><\/div>\n\n\n\n<h2 class=\"wp-block-heading has-text-align-left has-neve-text-color-color has-text-color\">Le programme culturel<\/h2>\n\n\n\n<p class=\"has-text-align-left has-neve-text-color-color has-text-color\" style=\"font-size:17px\">Concerts,Spectacles vivants, expositions ect..<\/p>\n\n\n\n<div class=\"wp-block-buttons is-content-justification-left is-layout-flex wp-container-core-buttons-is-layout-fdcfc74e wp-block-buttons-is-layout-flex\">\n<div class=\"wp-block-button is-style-primary\"><a class=\"wp-block-button__link has-nv-site-bg-color has-text-color has-background has-link-color wp-element-button\" href=\"https:\/\/cbf.cgt.fr\/index.php\/category\/culturel\/\" style=\"background-color:#f20000\">En savoir plus..<\/a><\/div>\n<\/div>\n<\/div>\n<\/div>\n\n\n\n<div style=\"height:40px\" aria-hidden=\"true\" class=\"wp-block-spacer\"><\/div>\n<\/div><\/div>\n<\/div><\/div>\n\n\n\n<div class=\"wp-block-cover alignfull\" style=\"min-height:600px;aspect-ratio:unset;\"><span aria-hidden=\"true\" class=\"wp-block-cover__background has-nv-site-bg-background-color has-background-dim-100 has-background-dim\"><\/span><div class=\"wp-block-cover__inner-container is-layout-flow wp-block-cover-is-layout-flow\">\n<div class=\"wp-block-group\"><div class=\"wp-block-group__inner-container is-layout-flow wp-block-group-is-layout-flow\">\n<div style=\"height:80px\" aria-hidden=\"true\" class=\"wp-block-spacer\"><\/div>\n\n\n\n<div class=\"wp-block-columns are-vertically-aligned-center is-layout-flex wp-container-core-columns-is-layout-9d6595d7 wp-block-columns-is-layout-flex\">\n<div class=\"wp-block-column is-vertically-aligned-center is-layout-flow wp-block-column-is-layout-flow\" style=\"flex-basis:50%\">\n<h2 class=\"wp-block-heading has-text-align-left has-neve-text-color-color has-text-color\">Suggestions litt\u00e9raires et culturelles<\/h2>\n\n\n\n<p class=\"has-text-align-left has-neve-text-color-color has-text-color\" style=\"font-size:17px\">Nos coups de c\u0153ur partag\u00e9s toutes les semaines par les camarades lors du caf\u00e9 culturel.<\/p>\n\n\n\n<div class=\"wp-block-buttons is-content-justification-left is-layout-flex wp-container-core-buttons-is-layout-fdcfc74e wp-block-buttons-is-layout-flex\">\n<div class=\"wp-block-button is-style-primary\"><a class=\"wp-block-button__link has-nv-site-bg-color has-text-color has-background has-link-color wp-element-button\" href=\"https:\/\/cbf.cgt.fr\/index.php\/category\/culturel\/cafelit\/\" style=\"background-color:#f20000\">En savoir plus..<\/a><\/div>\n<\/div>\n\n\n\n<div style=\"height:40px\" aria-hidden=\"true\" class=\"wp-block-spacer\"><\/div>\n<\/div>\n\n\n\n<div class=\"wp-block-column is-vertically-aligned-center is-layout-flow wp-block-column-is-layout-flow\" style=\"flex-basis:50%\">\n<figure class=\"wp-block-image size-full\"><img decoding=\"async\" width=\"1024\" height=\"724\" src=\"https:\/\/cbf.cgt.fr\/wp-content\/uploads\/2025\/05\/Affichage-Cafe-Culturel1.png\" alt=\"\" class=\"wp-image-1050\" srcset=\"https:\/\/cbf.cgt.fr\/wp-content\/uploads\/2025\/05\/Affichage-Cafe-Culturel1.png 1024w, https:\/\/cbf.cgt.fr\/wp-content\/uploads\/2025\/05\/Affichage-Cafe-Culturel1-300x212.png 300w, https:\/\/cbf.cgt.fr\/wp-content\/uploads\/2025\/05\/Affichage-Cafe-Culturel1-768x543.png 768w, https:\/\/cbf.cgt.fr\/wp-content\/uploads\/2025\/05\/Affichage-Cafe-Culturel1-1536x1086.png 1536w\" sizes=\"(max-width: 1024px) 100vw, 1024px\" \/><\/figure>\n<\/div>\n<\/div>\n\n\n\n<div style=\"height:40px\" aria-hidden=\"true\" class=\"wp-block-spacer\"><\/div>\n<\/div><\/div>\n<\/div><\/div>\n\n\n\n<div style=\"height:40px\" aria-hidden=\"true\" class=\"wp-block-spacer\"><\/div>\n","protected":false},"excerpt":{"rendered":"<p>Centre conf\u00e9d\u00e9ral de la formation syndicale Informations pratiques Par la route Transports en commun<\/p>\n","protected":false},"author":1,"featured_media":480,"parent":0,"menu_order":0,"comment_status":"closed","ping_status":"closed","template":"","meta":{"neve_meta_sidebar":"","neve_meta_container":"","neve_meta_enable_content_width":"on","neve_meta_content_width":100,"neve_meta_title_alignment":"","neve_meta_author_avatar":"","neve_post_elements_order":"","neve_meta_disable_header":"","neve_meta_disable_footer":"","neve_meta_disable_title":"on","footnotes":""},"class_list":["post-8","page","type-page","status-publish","has-post-thumbnail","hentry"],"yoast_head":"<!-- This site is optimized with the Yoast SEO plugin v26.8 - https:\/\/yoast.com\/product\/yoast-seo-wordpress\/ -->\n<title>Accueil - Centre Beno\u00eet Frachon<\/title>\n<meta name=\"robots\" content=\"index, follow, max-snippet:-1, max-image-preview:large, max-video-preview:-1\" \/>\n<link rel=\"canonical\" href=\"https:\/\/cbf.cgt.fr\/\" \/>\n<meta property=\"og:locale\" content=\"fr_FR\" \/>\n<meta property=\"og:type\" content=\"article\" \/>\n<meta property=\"og:title\" content=\"Accueil - Centre Beno\u00eet Frachon\" \/>\n<meta property=\"og:description\" content=\"Centre conf\u00e9d\u00e9ral de la formation syndicale Informations pratiques Par la route Transports en commun\" \/>\n<meta property=\"og:url\" content=\"https:\/\/cbf.cgt.fr\/\" \/>\n<meta property=\"og:site_name\" content=\"Centre Beno\u00eet Frachon\" \/>\n<meta property=\"article:publisher\" content=\"https:\/\/www.facebook.com\/CBFformationsyndicalecgt\" \/>\n<meta property=\"article:modified_time\" content=\"2025-11-19T14:35:51+00:00\" \/>\n<meta property=\"og:image\" content=\"https:\/\/cbf.cgt.fr\/wp-content\/uploads\/2025\/03\/IMG_6079-1.jpg\" \/>\n\t<meta property=\"og:image:width\" content=\"1024\" \/>\n\t<meta property=\"og:image:height\" content=\"768\" \/>\n\t<meta property=\"og:image:type\" content=\"image\/jpeg\" \/>\n<meta name=\"twitter:card\" content=\"summary_large_image\" \/>\n<meta name=\"twitter:label1\" content=\"Dur\u00e9e de lecture estim\u00e9e\" \/>\n\t<meta name=\"twitter:data1\" content=\"2 minutes\" \/>\n<script type=\"application\/ld+json\" class=\"yoast-schema-graph\">{\"@context\":\"https:\/\/schema.org\",\"@graph\":[{\"@type\":\"WebPage\",\"@id\":\"https:\/\/cbf.cgt.fr\/\",\"url\":\"https:\/\/cbf.cgt.fr\/\",\"name\":\"Accueil - Centre Beno\u00eet Frachon\",\"isPartOf\":{\"@id\":\"https:\/\/cbf.cgt.fr\/#website\"},\"primaryImageOfPage\":{\"@id\":\"https:\/\/cbf.cgt.fr\/#primaryimage\"},\"image\":{\"@id\":\"https:\/\/cbf.cgt.fr\/#primaryimage\"},\"thumbnailUrl\":\"https:\/\/cbf.cgt.fr\/wp-content\/uploads\/2025\/03\/IMG_6079-1.jpg\",\"datePublished\":\"2023-01-24T13:41:12+00:00\",\"dateModified\":\"2025-11-19T14:35:51+00:00\",\"breadcrumb\":{\"@id\":\"https:\/\/cbf.cgt.fr\/#breadcrumb\"},\"inLanguage\":\"fr-FR\",\"potentialAction\":[{\"@type\":\"ReadAction\",\"target\":[\"https:\/\/cbf.cgt.fr\/\"]}]},{\"@type\":\"ImageObject\",\"inLanguage\":\"fr-FR\",\"@id\":\"https:\/\/cbf.cgt.fr\/#primaryimage\",\"url\":\"https:\/\/cbf.cgt.fr\/wp-content\/uploads\/2025\/03\/IMG_6079-1.jpg\",\"contentUrl\":\"https:\/\/cbf.cgt.fr\/wp-content\/uploads\/2025\/03\/IMG_6079-1.jpg\",\"width\":1024,\"height\":768},{\"@type\":\"BreadcrumbList\",\"@id\":\"https:\/\/cbf.cgt.fr\/#breadcrumb\",\"itemListElement\":[{\"@type\":\"ListItem\",\"position\":1,\"name\":\"Accueil\",\"item\":\"https:\/\/cbf.cgt.fr\/\"},{\"@type\":\"ListItem\",\"position\":2,\"name\":\"Accueil\"}]},{\"@type\":\"WebSite\",\"@id\":\"https:\/\/cbf.cgt.fr\/#website\",\"url\":\"https:\/\/cbf.cgt.fr\/\",\"name\":\"Centre Beno\u00eet Frachon\",\"description\":\"\",\"publisher\":{\"@id\":\"https:\/\/cbf.cgt.fr\/#organization\"},\"potentialAction\":[{\"@type\":\"SearchAction\",\"target\":{\"@type\":\"EntryPoint\",\"urlTemplate\":\"https:\/\/cbf.cgt.fr\/?s={search_term_string}\"},\"query-input\":{\"@type\":\"PropertyValueSpecification\",\"valueRequired\":true,\"valueName\":\"search_term_string\"}}],\"inLanguage\":\"fr-FR\"},{\"@type\":\"Organization\",\"@id\":\"https:\/\/cbf.cgt.fr\/#organization\",\"name\":\"Centre Beno\u00eet Frachon\",\"url\":\"https:\/\/cbf.cgt.fr\/\",\"logo\":{\"@type\":\"ImageObject\",\"inLanguage\":\"fr-FR\",\"@id\":\"https:\/\/cbf.cgt.fr\/#\/schema\/logo\/image\/\",\"url\":\"https:\/\/cbf.cgt.fr\/wp-content\/uploads\/2023\/01\/logo-centre.png\",\"contentUrl\":\"https:\/\/cbf.cgt.fr\/wp-content\/uploads\/2023\/01\/logo-centre.png\",\"width\":747,\"height\":429,\"caption\":\"Centre Beno\u00eet Frachon\"},\"image\":{\"@id\":\"https:\/\/cbf.cgt.fr\/#\/schema\/logo\/image\/\"},\"sameAs\":[\"https:\/\/www.facebook.com\/CBFformationsyndicalecgt\",\"https:\/\/www.instagram.com\/centrebenoitfrachoncgt\"]}]}<\/script>\n<!-- \/ Yoast SEO plugin. -->","yoast_head_json":{"title":"Accueil - Centre Beno\u00eet Frachon","robots":{"index":"index","follow":"follow","max-snippet":"max-snippet:-1","max-image-preview":"max-image-preview:large","max-video-preview":"max-video-preview:-1"},"canonical":"https:\/\/cbf.cgt.fr\/","og_locale":"fr_FR","og_type":"article","og_title":"Accueil - Centre Beno\u00eet Frachon","og_description":"Centre conf\u00e9d\u00e9ral de la formation syndicale Informations pratiques Par la route Transports en commun","og_url":"https:\/\/cbf.cgt.fr\/","og_site_name":"Centre Beno\u00eet Frachon","article_publisher":"https:\/\/www.facebook.com\/CBFformationsyndicalecgt","article_modified_time":"2025-11-19T14:35:51+00:00","og_image":[{"width":1024,"height":768,"url":"https:\/\/cbf.cgt.fr\/wp-content\/uploads\/2025\/03\/IMG_6079-1.jpg","type":"image\/jpeg"}],"twitter_card":"summary_large_image","twitter_misc":{"Dur\u00e9e de lecture estim\u00e9e":"2 minutes"},"schema":{"@context":"https:\/\/schema.org","@graph":[{"@type":"WebPage","@id":"https:\/\/cbf.cgt.fr\/","url":"https:\/\/cbf.cgt.fr\/","name":"Accueil - Centre Beno\u00eet Frachon","isPartOf":{"@id":"https:\/\/cbf.cgt.fr\/#website"},"primaryImageOfPage":{"@id":"https:\/\/cbf.cgt.fr\/#primaryimage"},"image":{"@id":"https:\/\/cbf.cgt.fr\/#primaryimage"},"thumbnailUrl":"https:\/\/cbf.cgt.fr\/wp-content\/uploads\/2025\/03\/IMG_6079-1.jpg","datePublished":"2023-01-24T13:41:12+00:00","dateModified":"2025-11-19T14:35:51+00:00","breadcrumb":{"@id":"https:\/\/cbf.cgt.fr\/#breadcrumb"},"inLanguage":"fr-FR","potentialAction":[{"@type":"ReadAction","target":["https:\/\/cbf.cgt.fr\/"]}]},{"@type":"ImageObject","inLanguage":"fr-FR","@id":"https:\/\/cbf.cgt.fr\/#primaryimage","url":"https:\/\/cbf.cgt.fr\/wp-content\/uploads\/2025\/03\/IMG_6079-1.jpg","contentUrl":"https:\/\/cbf.cgt.fr\/wp-content\/uploads\/2025\/03\/IMG_6079-1.jpg","width":1024,"height":768},{"@type":"BreadcrumbList","@id":"https:\/\/cbf.cgt.fr\/#breadcrumb","itemListElement":[{"@type":"ListItem","position":1,"name":"Accueil","item":"https:\/\/cbf.cgt.fr\/"},{"@type":"ListItem","position":2,"name":"Accueil"}]},{"@type":"WebSite","@id":"https:\/\/cbf.cgt.fr\/#website","url":"https:\/\/cbf.cgt.fr\/","name":"Centre Beno\u00eet Frachon","description":"","publisher":{"@id":"https:\/\/cbf.cgt.fr\/#organization"},"potentialAction":[{"@type":"SearchAction","target":{"@type":"EntryPoint","urlTemplate":"https:\/\/cbf.cgt.fr\/?s={search_term_string}"},"query-input":{"@type":"PropertyValueSpecification","valueRequired":true,"valueName":"search_term_string"}}],"inLanguage":"fr-FR"},{"@type":"Organization","@id":"https:\/\/cbf.cgt.fr\/#organization","name":"Centre Beno\u00eet Frachon","url":"https:\/\/cbf.cgt.fr\/","logo":{"@type":"ImageObject","inLanguage":"fr-FR","@id":"https:\/\/cbf.cgt.fr\/#\/schema\/logo\/image\/","url":"https:\/\/cbf.cgt.fr\/wp-content\/uploads\/2023\/01\/logo-centre.png","contentUrl":"https:\/\/cbf.cgt.fr\/wp-content\/uploads\/2023\/01\/logo-centre.png","width":747,"height":429,"caption":"Centre Beno\u00eet Frachon"},"image":{"@id":"https:\/\/cbf.cgt.fr\/#\/schema\/logo\/image\/"},"sameAs":["https:\/\/www.facebook.com\/CBFformationsyndicalecgt","https:\/\/www.instagram.com\/centrebenoitfrachoncgt"]}]}},"jetpack_sharing_enabled":true,"_links":{"self":[{"href":"https:\/\/cbf.cgt.fr\/index.php\/wp-json\/wp\/v2\/pages\/8","targetHints":{"allow":["GET"]}}],"collection":[{"href":"https:\/\/cbf.cgt.fr\/index.php\/wp-json\/wp\/v2\/pages"}],"about":[{"href":"https:\/\/cbf.cgt.fr\/index.php\/wp-json\/wp\/v2\/types\/page"}],"author":[{"embeddable":true,"href":"https:\/\/cbf.cgt.fr\/index.php\/wp-json\/wp\/v2\/users\/1"}],"replies":[{"embeddable":true,"href":"https:\/\/cbf.cgt.fr\/index.php\/wp-json\/wp\/v2\/comments?post=8"}],"version-history":[{"count":63,"href":"https:\/\/cbf.cgt.fr\/index.php\/wp-json\/wp\/v2\/pages\/8\/revisions"}],"predecessor-version":[{"id":1574,"href":"https:\/\/cbf.cgt.fr\/index.php\/wp-json\/wp\/v2\/pages\/8\/revisions\/1574"}],"wp:featuredmedia":[{"embeddable":true,"href":"https:\/\/cbf.cgt.fr\/index.php\/wp-json\/wp\/v2\/media\/480"}],"wp:attachment":[{"href":"https:\/\/cbf.cgt.fr\/index.php\/wp-json\/wp\/v2\/media?parent=8"}],"curies":[{"name":"wp","href":"https:\/\/api.w.org\/{rel}","templated":true}]}}